{"id":100657,"date":"2025-01-14T15:51:35","date_gmt":"2025-01-14T13:51:35","guid":{"rendered":"https:\/\/perun-group.com\/?post_type=product&#038;p=100657"},"modified":"2025-04-16T13:56:25","modified_gmt":"2025-04-16T10:56:25","slug":"miasorubka-frosty-tk-32a-250-kh-hod-revers","status":"publish","type":"product","link":"https:\/\/perun-group.com\/en\/catalog\/miasorubka-frosty-tk-32a-250-kh-hod-revers\/","title":{"rendered":"\u041c&#8217;\u044f\u0441\u043e\u0440\u0443\u0431\u043a\u0430 FROSTY TK-32A &#8211; 320 \u043a\u0433\/\u0433\u043e\u0434 &#8211; \u0420\u0435\u0432\u0435\u0440\u0441"},"content":{"rendered":"<p><b>\u041c&#8217;\u044f\u0441\u043e\u0440\u0443\u0431\u043a\u0430 \u043f\u0440\u043e\u0444\u0435\u0441\u0456\u0439\u043d\u0430 Frosty TK-32A<\/b><\/p>\n<p><b>\u0422\u0435\u0445\u043d\u0456\u0447\u043d\u0456 \u0445\u0430\u0440\u0430\u043a\u0442\u0435\u0440\u0438\u0441\u0442\u0438\u043a\u0438:<\/b><\/p>\n<ul>\n<li>\u041c&#8217;\u044f\u0441\u043e\u0440\u0443\u0431\u043a\u0430 \u0435\u043b\u0435\u043a\u0442\u0440\u0438\u0447\u043d\u0430<\/li>\n<li>\u041f\u0440\u043e\u0434\u0443\u043a\u0442\u0438\u0432\u043d\u0456\u0441\u0442\u044c: 320 \u043a\u0433\/\u0433\u043e\u0434<\/li>\n<li>\u0417 \u0440\u0435\u0432\u0435\u0440\u0441\u043e\u043c<\/li>\n<li>\u0428\u0432\u0438\u0434\u043a\u0456\u0441\u0442\u044c \u043e\u0431\u0435\u0440\u0442\u0430\u043d\u043d\u044f \u0448\u043d\u0435\u043a\u0430: 190 \u043e\u0431\/\u0445\u0432<\/li>\n<li>\u0421\u0438\u0441\u0442\u0435\u043c\u0430 \u043d\u043e\u0436\u0456\u0432 Enterprise<\/li>\n<li>\u0412\u0435\u043d\u0442\u0438\u043b\u044c\u043e\u0432\u0430\u043d\u0438\u0439 \u0434\u0432\u0438\u0433\u0443\u043d<\/li>\n<li>\u041d\u0456\u0436: 2 \u0448\u0442<\/li>\n<li>3 \u0433\u0440\u0430\u0442\u0438: \u00d8100 \u043c\u043c \u0437 \u043e\u0442\u0432\u043e\u0440\u0430\u043c\u0438 \u00d86, \u00d88, \u00d810 \u043c\u043c<\/li>\n<li>\u0422\u044f\u0433\u0430\u0447<\/li>\n<li>\u041f\u043b\u0430\u0441\u0442\u0438\u043a\u043e\u0432\u0456 \u043d\u0430\u0441\u0430\u0434\u043a\u0438 \u0434\u043b\u044f \u043a\u043e\u0432\u0431\u0430\u0441\u0438: \u00d819, \u00d817, \u00d812 \u043c\u043c<\/li>\n<li>\u041a\u043e\u0440\u043f\u0443\u0441, \u0433\u043e\u0440\u043b\u043e\u0432\u0438\u043d\u0430, \u0448\u043d\u0435\u043a: \u043d\u0435\u0440\u0436\u0430\u0432\u0456\u044e\u0447\u0430 \u0441\u0442\u0430\u043b\u044c<\/li>\n<li>\u0420\u043e\u0437\u043c\u0456\u0440 \u0456\u0437 \u0443\u043f\u0430\u043a\u043e\u0432\u043a\u043e\u044e: 560x360x650 \u043c\u043c<\/li>\n<li>\u0412\u0430\u0433\u0430 \u0431\u0440\u0443\u0442\u0442\u043e: 49 \u043a\u0433<\/li>\n<li>\u041f\u043e\u0442\u0443\u0436\u043d\u0456\u0441\u0442\u044c: 1,50 \u043a\u0412\u0442<\/li>\n<li>\u041d\u0430\u043f\u0440\u0443\u0433\u0430: 220\u0412<\/li>\n<li>\u0420\u043e\u0437\u043c\u0456\u0440\u0438 (\u0414 * \u0428 * \u0412): 305\u043c\u043c x 445\u043c\u043c x 565\u043c\u043c<\/li>\n<li>\u0412\u0430\u0433\u0430: 45.00<\/li>\n<\/ul>\n","protected":false},"excerpt":{"rendered":"<ul>\n<li>\u041f\u0440\u043e\u0434\u0443\u043a\u0442\u0438\u0432\u043d\u0456\u0441\u0442\u044c: \u0434\u043e 320 \u043a\u0433\/\u0433\u043e\u0434<\/li>\n<\/ul>\n<ul>\n<li>\u041f\u043e\u0442\u0443\u0436\u043d\u0456\u0441\u0442\u044c: 1,5 \u043a\u0412\u0442.<\/li>\n<li>\u041d\u0430\u043f\u0440\u0443\u0433\u0430: 220\u0412.<\/li>\n<li>\u0420\u043e\u0437\u043c\u0456\u0440\u0438 (\u0414\u0428\u0412): 305 \u043c\u043c x 445 \u043c\u043c x 565 \u043c\u043c.<\/li>\n<li>\u0412\u0430\u0433\u0430: 45 \u043a\u0433.<\/li>\n<\/ul>\n","protected":false},"featured_media":100658,"comment_status":"closed","ping_status":"closed","template":"","meta":{"om_disable_all_campaigns":false,"_monsterinsights_skip_tracking":false,"_monsterinsights_sitenote_active":false,"_monsterinsights_sitenote_note":"","_monsterinsights_sitenote_category":0},"product_brand":[],"product_cat":[2232],"product_tag":[4472],"class_list":{"0":"post-100657","1":"product","2":"type-product","3":"status-publish","4":"has-post-thumbnail","6":"product_cat-miasorubky","7":"product_tag-frosty","9":"first","10":"instock","11":"sale","12":"purchasable","13":"product-type-simple"},"aioseo_notices":[],"_links":{"self":[{"href":"https:\/\/perun-group.com\/en\/wp-json\/wp\/v2\/product\/100657","targetHints":{"allow":["GET"]}}],"collection":[{"href":"https:\/\/perun-group.com\/en\/wp-json\/wp\/v2\/product"}],"about":[{"href":"https:\/\/perun-group.com\/en\/wp-json\/wp\/v2\/types\/product"}],"replies":[{"embeddable":true,"href":"https:\/\/perun-group.com\/en\/wp-json\/wp\/v2\/comments?post=100657"}],"version-history":[{"count":1,"href":"https:\/\/perun-group.com\/en\/wp-json\/wp\/v2\/product\/100657\/revisions"}],"predecessor-version":[{"id":100660,"href":"https:\/\/perun-group.com\/en\/wp-json\/wp\/v2\/product\/100657\/revisions\/100660"}],"wp:featuredmedia":[{"embeddable":true,"href":"https:\/\/perun-group.com\/en\/wp-json\/wp\/v2\/media\/100658"}],"wp:attachment":[{"href":"https:\/\/perun-group.com\/en\/wp-json\/wp\/v2\/media?parent=100657"}],"wp:term":[{"taxonomy":"product_brand","embeddable":true,"href":"https:\/\/perun-group.com\/en\/wp-json\/wp\/v2\/product_brand?post=100657"},{"taxonomy":"product_cat","embeddable":true,"href":"https:\/\/perun-group.com\/en\/wp-json\/wp\/v2\/product_cat?post=100657"},{"taxonomy":"product_tag","embeddable":true,"href":"https:\/\/perun-group.com\/en\/wp-json\/wp\/v2\/product_tag?post=100657"}],"curies":[{"name":"wp","href":"https:\/\/api.w.org\/{rel}","templated":true}]}}